{"id":1487,"date":"2026-01-20T12:11:11","date_gmt":"2026-01-20T12:11:11","guid":{"rendered":"https:\/\/bonuskongcasino.com\/login-and-registration\/"},"modified":"2026-03-06T09:05:48","modified_gmt":"2026-03-06T09:05:48","slug":"inicio-de-sesion-y-registro","status":"publish","type":"page","link":"https:\/\/theroyalzino.net\/es\/inicio-de-sesion-y-registro\/","title":{"rendered":"Inicio de sesi\u00f3n y Registro"},"content":{"rendered":"<h1>Royalzino Account Login and Registration<\/h1>\n<p>Proces Royalzino login jest bezpieczny i dost\u0119pny z ka\u017cdego urz\u0105dzenia. Niezale\u017cnie od tego, czy tworzysz nowe konto, czy wracasz, aby kontynuowa\u0107 swoje do\u015bwiadczenie, nasza platforma zapewnia, \u017ce dost\u0119p do twojego osobistego gabinetu jest zawsze o kilka krok\u00f3w. W Royal Zino priorytetowo traktujemy zar\u00f3wno bezpiecze\u0144stwo, jak i u\u017cyteczno\u015b\u0107, aby ka\u017cda sesja rozpoczyna\u0142a si\u0119 p\u0142ynnie.<\/p>\n<p><div class=\"banner-wrap\" aria-label=\"Banner\"><img src=\"https:\/\/theroyalzino.net\/wp-content\/uploads\/2026\/03\/royalzino-bnr-static-pc.webp\" class=\"w-100 d-none d-lg-block img-pc main-banner-img\" alt=\"royalzino banner pc\" fetchpriority=\"high\" decoding=\"async\"><img src=\"https:\/\/theroyalzino.net\/wp-content\/uploads\/2026\/03\/royalzino-banner-mobile.webp\" class=\"w-100 d-none d-md-block d-lg-none main-banner-img\" alt=\"royalzino banner mobile\" fetchpriority=\"high\" decoding=\"async\"><img src=\"https:\/\/theroyalzino.net\/wp-content\/uploads\/2026\/03\/royalzino-banner-mobile.webp\" class=\"w-100 d-md-none\" alt=\"royalzino banner mobile\" fetchpriority=\"high\" decoding=\"async\"><div class=\"banner-description\">\n<div class=\"banner-title\">Bonos de bienvenida<\/div>\n<p class=\"banner-header-title\">1500 \u20ac<\/p>\n<div class=\"banner-header-AdditionalText\">+ 250 Tiradas gratis<\/div>\n<button data-item=\"homepage_banner_link\" class=\"goto m-button m-gradient-border m-button--primary m-button--large banner-button btn-orange\">\n            <div class=\"m-button-content\">\n                <span>Reg\u00edstrate ahora<\/span>\n                <span><\/span>\n            <\/div>\n        <\/button>\n<\/div>\n<div class=\"WelcomePack\">\n<p><img loading=\"lazy\" decoding=\"async\" class=\"alignnone size-full wp-image-1857\" src=\"https:\/\/theroyalzino.net\/wp-content\/uploads\/2026\/03\/welcome-crown.png\" alt=\"welcome crown\" width=\"25\" height=\"26\" \/><\/p>\n<div class=\"WelcomePack-Info\">Reembolso semanal de hasta el 25 %<\/div>\n<p><img loading=\"lazy\" decoding=\"async\" class=\"alignnone size-full wp-image-1857\" src=\"https:\/\/theroyalzino.net\/wp-content\/uploads\/2026\/03\/welcome-crown.png\" alt=\"welcome crown\" width=\"25\" height=\"26\" \/><\/p>\n<\/div>\n<\/div><div class=\"scrollable-content-wrap my-5\"><div class=\"scrollable-content-inner\"><h2>Korzy\u015bci z Utworzenia Konta Royalzino<\/h2>\n<p>Rejestracja w kasynie Royalzino daje ci pe\u0142ny dost\u0119p do obszernej biblioteki gier, osobistych ofert bonusowych, opcji wp\u0142at i wyp\u0142at oraz dedykowanych narz\u0119dzi do zarz\u0105dzania kontem. Zarejestrowane konto odblokowuje r\u00f3wnie\u017c mo\u017cliwo\u015b\u0107 uczestnictwa w kampaniach promocyjnych, programach lojalno\u015bciowych i ekskluzywnych turniejach, kt\u00f3re nie s\u0105 dost\u0119pne dla niezarejestrowanych odwiedzaj\u0105cych.<\/p>\n<p>Dodatkowo posiadanie zweryfikowanego konta oznacza szybsze przetwarzanie transakcji i ulepszon\u0105 ochron\u0119 twoich danych osobowych. Nasza platforma wykorzystuje szyfrowanie standardowe w bran\u017cy, aby zapewni\u0107 bezpiecze\u0144stwo ka\u017cdej sesji i operacji finansowej.<\/p>\n<table>\n<tbody>\n<tr>\n<td>Funkcja<\/td>\n<td>Szczeg\u00f3\u0142y<\/td>\n<\/tr>\n<tr>\n<td>Dost\u0119p do bonus\u00f3w<\/td>\n<td>Osobiste bonusy depozytowe, darmowe spiny i oferty promocyjne<\/td>\n<\/tr>\n<tr>\n<td>Biblioteka gier<\/td>\n<td>Pe\u0142ny dost\u0119p do automat\u00f3w, gier sto\u0142owych i tytu\u0142\u00f3w z krupierami na \u017cywo<\/td>\n<\/tr>\n<tr>\n<td>Bezpieczne transakcje<\/td>\n<td>Szyfrowane wp\u0142aty i wyp\u0142aty za pomoc\u0105 wielu metod p\u0142atno\u015bci<\/td>\n<\/tr>\n<tr>\n<td>Zarz\u0105dzanie kontem<\/td>\n<td>Zarz\u0105dzaj limitami, histori\u0105, danymi osobowymi i preferencjami<\/td>\n<\/tr>\n<tr>\n<td>Nagrody lojalno\u015bciowe<\/td>\n<td>Gromad\u017a punkty i wymieniaj je na realne korzy\u015bci<\/td>\n<\/tr>\n<\/tbody>\n<\/table>\n<p><img loading=\"lazy\" decoding=\"async\" class=\"alignnone size-full wp-image-1947\" src=\"https:\/\/theroyalzino.net\/wp-content\/uploads\/2026\/03\/Royalzino-login-page.webp\" alt=\"Royalzino login page\" width=\"1248\" height=\"536\" srcset=\"https:\/\/theroyalzino.net\/wp-content\/uploads\/2026\/03\/Royalzino-login-page.webp 1248w, https:\/\/theroyalzino.net\/wp-content\/uploads\/2026\/03\/Royalzino-login-page-300x129.webp 300w, https:\/\/theroyalzino.net\/wp-content\/uploads\/2026\/03\/Royalzino-login-page-1024x440.webp 1024w, https:\/\/theroyalzino.net\/wp-content\/uploads\/2026\/03\/Royalzino-login-page-768x330.webp 768w\" sizes=\"auto, (max-width: 1248px) 100vw, 1248px\" \/><\/p>\n<h2>Jak Zarejestrowa\u0107 Nowe Konto w Royal Zino<\/h2>\n<p>Utworzenie konta w Royal Zino zajmuje tylko kilka minut. Formularz rejestracyjny jest dost\u0119pny bezpo\u015brednio ze strony g\u0142\u00f3wnej poprzez wybranie opcji rejestracji. Podczas procesu zostaniesz poproszony o podanie podstawowych danych osobowych, w tym imienia i nazwiska, daty urodzenia, adresu e-mail i preferowanej waluty.<\/p>\n<p>Poni\u017cej znajduj\u0105 si\u0119 g\u0142\u00f3wne kroki, aby uko\u0144czy\u0107 rejestracj\u0119:<\/p>\n<ol>\n<li>Otw\u00f3rz oficjaln\u0105 stron\u0119 internetow\u0105 i kliknij przycisk rejestracji znajduj\u0105cy si\u0119 w g\u00f3rnym obszarze nawigacji.<\/li>\n<li>Wype\u0142nij wymagane pola: pe\u0142ne imi\u0119 i nazwisko, adres e-mail, data urodzenia i wybrana waluta.<\/li>\n<li>Utw\u00f3rz bezpieczne has\u0142o, kt\u00f3re spe\u0142nia wymagania bezpiecze\u0144stwa platformy.<\/li>\n<li>Zaakceptuj Regulamin i potwierd\u017a, \u017ce masz wymagany prawem wiek do uczestnictwa.<\/li>\n<li>Wy\u015blij formularz i sprawd\u017a swoj\u0105 skrzynk\u0119 odbiorcz\u0105 e-mail w poszukiwaniu linku weryfikacyjnego, aby aktywowa\u0107 swoje konto.<\/li>\n<\/ol>\n<p>Po potwierdzeniu linku weryfikacyjnego twoje konto jest aktywne i gotowe do u\u017cycia. Proces weryfikacji jest obowi\u0105zkowym krokiem zaprojektowanym w celu ochrony twojej to\u017csamo\u015bci i zapewnienia, \u017ce wszystkie dane na platformie nale\u017c\u0105 do legalnych, wyra\u017caj\u0105cych zgod\u0119 u\u017cytkownik\u00f3w.<\/p>\n<h2>Logowanie Royalzino: Dost\u0119p do Twojego Konta<\/h2>\n<p>Strona logowania Royalzino jest dost\u0119pna w ka\u017cdej chwili z g\u0142\u00f3wnego paska nawigacji. Aby si\u0119 zalogowa\u0107, wprowad\u017a adres e-mail i has\u0142o powi\u0105zane z twoim kontem, a nast\u0119pnie potwierd\u017a. Je\u015bli w\u0142\u0105czy\u0142e\u015b uwierzytelnianie dwusk\u0142adnikowe, zostaniesz poproszony o wykonanie dodatkowego kroku weryfikacji dla zwi\u0119kszonego bezpiecze\u0144stwa.<\/p>\n<p>W przypadku zapomnienia has\u0142a, Royal Zino zapewnia prost\u0105 opcj\u0119 odzyskiwania. Wybierz link resetowania has\u0142a na ekranie logowania, wprowad\u017a zarejestrowany adres e-mail i post\u0119puj zgodnie z instrukcjami wys\u0142anymi do twojej skrzynki odbiorczej. Nowe has\u0142o mo\u017cna ustawi\u0107 w ci\u0105gu kilku minut bez kontaktowania si\u0119 z Zespo\u0142em Wsparcia.<\/p>\n<h2>Aktualizacja Informacji o Koncie<\/h2>\n<p>Po zalogowaniu wszystkie dane osobowe mo\u017cna zarz\u0105dza\u0107 z sekcji ustawie\u0144 konta w twoim profilu. Obejmuje to aktualizacj\u0119 danych kontaktowych, zmian\u0119 has\u0142a, dostosowanie preferencji komunikacji i przegl\u0105danie historii transakcji.<\/p>\n<p>Zmiany w wra\u017cliwych polach, takich jak imi\u0119 i nazwisko lub data urodzenia, mog\u0105 wymaga\u0107 dodatkowego potwierdzenia poprzez proces weryfikacji. Ten krok zapewnia, \u017ce tylko autoryzowany w\u0142a\u015bciciel konta mo\u017ce wprowadza\u0107 znacz\u0105ce modyfikacje w danych profilu.<\/p>\n<p>Dla bezpiecze\u0144stwa konta zalecamy regularne sprawdzanie aktywno\u015bci logowania. Je\u015bli zostanie wykryta jakakolwiek nieautoryzowana aktywno\u015b\u0107, natychmiast skontaktuj si\u0119 z naszym Zespo\u0142em Wsparcia poprzez czat na \u017cywo, kt\u00f3ry jest dost\u0119pny bezpo\u015brednio na platformie.<\/p>\n<table>\n<tbody>\n<tr>\n<td>Dzia\u0142anie<\/td>\n<td>Wymagane informacje<\/td>\n<td>Potrzebny czas<\/td>\n<\/tr>\n<tr>\n<td>Nowa rejestracja<\/td>\n<td>Imi\u0119 i nazwisko, e-mail, data urodzenia, has\u0142o<\/td>\n<td>Poni\u017cej 5 minut<\/td>\n<\/tr>\n<tr>\n<td>Logowanie do konta<\/td>\n<td>Adres e-mail i has\u0142o<\/td>\n<td>Poni\u017cej 1 minuty<\/td>\n<\/tr>\n<tr>\n<td>Odzyskiwanie has\u0142a<\/td>\n<td>Zarejestrowany adres e-mail<\/td>\n<td>Poni\u017cej 5 minut<\/td>\n<\/tr>\n<tr>\n<td>Aktualizacja profilu<\/td>\n<td>Dane logowania + weryfikacja<\/td>\n<td>Zale\u017cy od pola<\/td>\n<\/tr>\n<\/tbody>\n<\/table>\n<h2>Wsparcie i Wieloj\u0119zyczny Dost\u0119p<\/h2>\n<p>Kasyno Royalzino jest zbudowane, aby obs\u0142ugiwa\u0107 zr\u00f3\u017cnicowan\u0105, mi\u0119dzynarodow\u0105 publiczno\u015b\u0107. Nasza platforma oferuje wieloj\u0119zyczne wsparcie w ca\u0142ym interfejsie, umo\u017cliwiaj\u0105c graczom nawigacj\u0119, rejestracj\u0119 i zarz\u0105dzanie kontami w preferowanym j\u0119zyku. To sprawia, \u017ce do\u015bwiadczenie logowania i rejestracji Royalzino jest sp\u00f3jne i jasne, niezale\u017cnie od t\u0142a j\u0119zykowego u\u017cytkownika.<\/p>\n<p>W przypadku pyta\u0144 dotycz\u0105cych dost\u0119pu do konta, odzyskiwania has\u0142a lub weryfikacji konta, nasz Zesp\u00f3\u0142 Wsparcia jest dost\u0119pny ca\u0142\u0105 dob\u0119. Czat na \u017cywo to najszybszy spos\u00f3b, aby skontaktowa\u0107 si\u0119 z przedstawicielem, z typowymi czasami odpowiedzi mierzonymi w sekundach. Wsparcie e-mailowe jest r\u00f3wnie\u017c dost\u0119pne dla zapyta\u0144 wymagaj\u0105cych dokumentacji lub szczeg\u00f3\u0142owej kontynuacji.<\/p>\n<h2>FAQ<\/h2>\n<h3>Jak uko\u0144czy\u0107 proces logowania Royalzino?<\/h3>\n<p>Przejd\u017a do oficjalnej strony internetowej i wybierz opcj\u0119 logowania w g\u00f3rnym menu. Wprowad\u017a zarejestrowany adres e-mail i has\u0142o, a nast\u0119pnie potwierd\u017a. Je\u015bli uwierzytelnianie dwusk\u0142adnikowe jest aktywne na twoim koncie, wykonaj drugorz\u0119dny krok weryfikacji, aby uzyska\u0107 dost\u0119p.<\/p>\n<h3>Co powinienem zrobi\u0107, je\u015bli nie mog\u0119 uzyska\u0107 dost\u0119pu do mojego konta Royal Zino?<\/h3>\n<p>U\u017cyj opcji odzyskiwania has\u0142a na stronie logowania, aby zresetowa\u0107 swoje dane uwierzytelniaj\u0105ce za po\u015brednictwem zarejestrowanego e-maila. Je\u015bli problem nie ust\u0119puje, skontaktuj si\u0119 z naszym Zespo\u0142em Wsparcia przez czat na \u017cywo, aby uzyska\u0107 natychmiastow\u0105 pomoc.<\/p>\n<h3>Czy proces weryfikacji jest obowi\u0105zkowy dla wszystkich graczy?<\/h3>\n<p>Proces weryfikacji jest wymaganym krokiem dla wszystkich zarejestrowanych kont. Potwierdza to\u017csamo\u015b\u0107 w\u0142a\u015bciciela konta i umo\u017cliwia pe\u0142ny dost\u0119p do wp\u0142at, wyp\u0142at i wszystkich funkcji platformy w kasynie Royalzino.<\/p>\n<h3>Czy mog\u0119 zaktualizowa\u0107 moje dane osobowe po rejestracji?<\/h3>\n<p>Dane konta mo\u017cna aktualizowa\u0107 z sekcji ustawie\u0144 profilu po zako\u0144czeniu logowania Royalzino. Niekt\u00f3re zmiany w wra\u017cliwych polach mog\u0105 wymaga\u0107 dodatkowej weryfikacji to\u017csamo\u015bci w celu ochrony bezpiecze\u0144stwa konta.<\/p>\n<h3>Czy Royal Zino oferuje wieloj\u0119zyczne wsparcie?<\/h3>\n<p>Platforma zapewnia wieloj\u0119zyczne wsparcie, dzi\u0119ki czemu gracze mog\u0105 wchodzi\u0107 w interakcj\u0119 z interfejsem, nawigowa\u0107 po ustawieniach konta i uzyskiwa\u0107 dost\u0119p do zasob\u00f3w pomocy w preferowanym j\u0119zyku. Zesp\u00f3\u0142 Wsparcia jest r\u00f3wnie\u017c w stanie pomaga\u0107 w wielu j\u0119zykach poprzez czat na \u017cywo.<\/p>\n<\/div><\/div><\/p>\n","protected":false},"excerpt":{"rendered":"<p>Royalzino Account Login and Registration Proces Royalzino login jest bezpieczny i dost\u0119pny z ka\u017cdego urz\u0105dzenia. Niezale\u017cnie od tego, czy tworzysz nowe konto, czy wracasz, aby kontynuowa\u0107 swoje do\u015bwiadczenie, nasza platforma zapewnia, \u017ce dost\u0119p do twojego osobistego gabinetu jest zawsze o kilka krok\u00f3w. W Royal Zino priorytetowo traktujemy zar\u00f3wno bezpiecze\u0144stwo, jak i u\u017cyteczno\u015b\u0107, aby ka\u017cda sesja [&hellip;]<\/p>\n","protected":false},"author":1,"featured_media":0,"parent":0,"menu_order":0,"comment_status":"closed","ping_status":"closed","template":"template-builder.php","meta":{"_acf_changed":false,"inline_featured_image":false,"footnotes":""},"class_list":["post-1487","page","type-page","status-publish","hentry"],"acf":[],"yoast_head":"<!-- This site is optimized with the Yoast SEO plugin v27.3 - https:\/\/yoast.com\/product\/yoast-seo-wordpress\/ -->\n<title>Royalzino Casino Login | Registro &amp; Configuraci\u00f3n de Cuenta<\/title>\n<meta name=\"description\" content=\"Royalzino Login \u2013 inicia sesi\u00f3n de forma segura o reg\u00edstrate en segundos con acceso encriptado y verificaci\u00f3n r\u00e1pida. Gestiona la recuperaci\u00f3n de contrase\u00f1a, ajustes de perfil y herramientas de cuenta f\u00e1cilmente en Royal Zino.\" \/>\n<meta name=\"robots\" content=\"index, follow, max-snippet:-1, max-image-preview:large, max-video-preview:-1\" \/>\n<link rel=\"canonical\" href=\"https:\/\/theroyalzino.net\/es\/inicio-de-sesion-y-registro\/\" \/>\n<meta property=\"og:locale\" content=\"es_ES\" \/>\n<meta property=\"og:type\" content=\"article\" \/>\n<meta property=\"og:title\" content=\"Royalzino Casino Login | Registro &amp; Configuraci\u00f3n de Cuenta\" \/>\n<meta property=\"og:description\" content=\"Royalzino Login \u2013 inicia sesi\u00f3n de forma segura o reg\u00edstrate en segundos con acceso encriptado y verificaci\u00f3n r\u00e1pida. Gestiona la recuperaci\u00f3n de contrase\u00f1a, ajustes de perfil y herramientas de cuenta f\u00e1cilmente en Royal Zino.\" \/>\n<meta property=\"og:url\" content=\"https:\/\/theroyalzino.net\/es\/inicio-de-sesion-y-registro\/\" \/>\n<meta property=\"og:site_name\" content=\"royalzino\" \/>\n<meta property=\"article:modified_time\" content=\"2026-03-06T09:05:48+00:00\" \/>\n<meta name=\"twitter:card\" content=\"summary_large_image\" \/>\n<meta name=\"twitter:label1\" content=\"Est. reading time\" \/>\n\t<meta name=\"twitter:data1\" content=\"1 minute\" \/>\n<script type=\"application\/ld+json\" class=\"yoast-schema-graph\">{\"@context\":\"https:\\\/\\\/schema.org\",\"@graph\":[{\"@type\":\"WebPage\",\"@id\":\"https:\\\/\\\/theroyalzino.net\\\/es\\\/inicio-de-sesion-y-registro\\\/\",\"url\":\"https:\\\/\\\/theroyalzino.net\\\/es\\\/inicio-de-sesion-y-registro\\\/\",\"name\":\"Royalzino Casino Login | Registro & Configuraci\u00f3n de Cuenta\",\"isPartOf\":{\"@id\":\"https:\\\/\\\/theroyalzino.net\\\/es\\\/#website\"},\"datePublished\":\"2026-01-20T12:11:11+00:00\",\"dateModified\":\"2026-03-06T09:05:48+00:00\",\"description\":\"Royalzino Login \u2013 inicia sesi\u00f3n de forma segura o reg\u00edstrate en segundos con acceso encriptado y verificaci\u00f3n r\u00e1pida. Gestiona la recuperaci\u00f3n de contrase\u00f1a, ajustes de perfil y herramientas de cuenta f\u00e1cilmente en Royal Zino.\",\"breadcrumb\":{\"@id\":\"https:\\\/\\\/theroyalzino.net\\\/es\\\/inicio-de-sesion-y-registro\\\/#breadcrumb\"},\"inLanguage\":\"es-ES\",\"potentialAction\":[{\"@type\":\"ReadAction\",\"target\":[\"https:\\\/\\\/theroyalzino.net\\\/es\\\/inicio-de-sesion-y-registro\\\/\"]}]},{\"@type\":\"BreadcrumbList\",\"@id\":\"https:\\\/\\\/theroyalzino.net\\\/es\\\/inicio-de-sesion-y-registro\\\/#breadcrumb\",\"itemListElement\":[{\"@type\":\"ListItem\",\"position\":1,\"name\":\"Royalzino\",\"item\":\"https:\\\/\\\/theroyalzino.net\\\/es\\\/\"},{\"@type\":\"ListItem\",\"position\":2,\"name\":\"Inicio de sesi\u00f3n y Registro\"}]},{\"@type\":\"WebSite\",\"@id\":\"https:\\\/\\\/theroyalzino.net\\\/es\\\/#website\",\"url\":\"https:\\\/\\\/theroyalzino.net\\\/es\\\/\",\"name\":\"Royalzino\",\"description\":\"\",\"publisher\":{\"@id\":\"https:\\\/\\\/theroyalzino.net\\\/es\\\/#organization\"},\"potentialAction\":[{\"@type\":\"SearchAction\",\"target\":{\"@type\":\"EntryPoint\",\"urlTemplate\":\"https:\\\/\\\/theroyalzino.net\\\/es\\\/?s={search_term_string}\"},\"query-input\":{\"@type\":\"PropertyValueSpecification\",\"valueRequired\":true,\"valueName\":\"search_term_string\"}}],\"inLanguage\":\"es-ES\"},{\"@type\":\"Organization\",\"@id\":\"https:\\\/\\\/theroyalzino.net\\\/es\\\/#organization\",\"name\":\"Royalzino\",\"url\":\"https:\\\/\\\/theroyalzino.net\\\/es\\\/\",\"logo\":{\"@type\":\"ImageObject\",\"inLanguage\":\"es-ES\",\"@id\":\"https:\\\/\\\/theroyalzino.net\\\/es\\\/#\\\/schema\\\/logo\\\/image\\\/\",\"url\":\"https:\\\/\\\/theroyalzino.net\\\/wp-content\\\/uploads\\\/2026\\\/03\\\/logo-1.png\",\"contentUrl\":\"https:\\\/\\\/theroyalzino.net\\\/wp-content\\\/uploads\\\/2026\\\/03\\\/logo-1.png\",\"width\":160,\"height\":32,\"caption\":\"Royalzino\"},\"image\":{\"@id\":\"https:\\\/\\\/theroyalzino.net\\\/es\\\/#\\\/schema\\\/logo\\\/image\\\/\"}}]}<\/script>\n<!-- \/ Yoast SEO plugin. -->","yoast_head_json":{"title":"Royalzino Casino Login | Registro & Configuraci\u00f3n de Cuenta","description":"Royalzino Login \u2013 inicia sesi\u00f3n de forma segura o reg\u00edstrate en segundos con acceso encriptado y verificaci\u00f3n r\u00e1pida. Gestiona la recuperaci\u00f3n de contrase\u00f1a, ajustes de perfil y herramientas de cuenta f\u00e1cilmente en Royal Zino.","robots":{"index":"index","follow":"follow","max-snippet":"max-snippet:-1","max-image-preview":"max-image-preview:large","max-video-preview":"max-video-preview:-1"},"canonical":"https:\/\/theroyalzino.net\/es\/inicio-de-sesion-y-registro\/","og_locale":"es_ES","og_type":"article","og_title":"Royalzino Casino Login | Registro & Configuraci\u00f3n de Cuenta","og_description":"Royalzino Login \u2013 inicia sesi\u00f3n de forma segura o reg\u00edstrate en segundos con acceso encriptado y verificaci\u00f3n r\u00e1pida. Gestiona la recuperaci\u00f3n de contrase\u00f1a, ajustes de perfil y herramientas de cuenta f\u00e1cilmente en Royal Zino.","og_url":"https:\/\/theroyalzino.net\/es\/inicio-de-sesion-y-registro\/","og_site_name":"royalzino","article_modified_time":"2026-03-06T09:05:48+00:00","twitter_card":"summary_large_image","twitter_misc":{"Est. reading time":"1 minute"},"schema":{"@context":"https:\/\/schema.org","@graph":[{"@type":"WebPage","@id":"https:\/\/theroyalzino.net\/es\/inicio-de-sesion-y-registro\/","url":"https:\/\/theroyalzino.net\/es\/inicio-de-sesion-y-registro\/","name":"Royalzino Casino Login | Registro & Configuraci\u00f3n de Cuenta","isPartOf":{"@id":"https:\/\/theroyalzino.net\/es\/#website"},"datePublished":"2026-01-20T12:11:11+00:00","dateModified":"2026-03-06T09:05:48+00:00","description":"Royalzino Login \u2013 inicia sesi\u00f3n de forma segura o reg\u00edstrate en segundos con acceso encriptado y verificaci\u00f3n r\u00e1pida. Gestiona la recuperaci\u00f3n de contrase\u00f1a, ajustes de perfil y herramientas de cuenta f\u00e1cilmente en Royal Zino.","breadcrumb":{"@id":"https:\/\/theroyalzino.net\/es\/inicio-de-sesion-y-registro\/#breadcrumb"},"inLanguage":"es-ES","potentialAction":[{"@type":"ReadAction","target":["https:\/\/theroyalzino.net\/es\/inicio-de-sesion-y-registro\/"]}]},{"@type":"BreadcrumbList","@id":"https:\/\/theroyalzino.net\/es\/inicio-de-sesion-y-registro\/#breadcrumb","itemListElement":[{"@type":"ListItem","position":1,"name":"Royalzino","item":"https:\/\/theroyalzino.net\/es\/"},{"@type":"ListItem","position":2,"name":"Inicio de sesi\u00f3n y Registro"}]},{"@type":"WebSite","@id":"https:\/\/theroyalzino.net\/es\/#website","url":"https:\/\/theroyalzino.net\/es\/","name":"Royalzino","description":"","publisher":{"@id":"https:\/\/theroyalzino.net\/es\/#organization"},"potentialAction":[{"@type":"SearchAction","target":{"@type":"EntryPoint","urlTemplate":"https:\/\/theroyalzino.net\/es\/?s={search_term_string}"},"query-input":{"@type":"PropertyValueSpecification","valueRequired":true,"valueName":"search_term_string"}}],"inLanguage":"es-ES"},{"@type":"Organization","@id":"https:\/\/theroyalzino.net\/es\/#organization","name":"Royalzino","url":"https:\/\/theroyalzino.net\/es\/","logo":{"@type":"ImageObject","inLanguage":"es-ES","@id":"https:\/\/theroyalzino.net\/es\/#\/schema\/logo\/image\/","url":"https:\/\/theroyalzino.net\/wp-content\/uploads\/2026\/03\/logo-1.png","contentUrl":"https:\/\/theroyalzino.net\/wp-content\/uploads\/2026\/03\/logo-1.png","width":160,"height":32,"caption":"Royalzino"},"image":{"@id":"https:\/\/theroyalzino.net\/es\/#\/schema\/logo\/image\/"}}]}},"_links":{"self":[{"href":"https:\/\/theroyalzino.net\/es\/wp-json\/wp\/v2\/pages\/1487","targetHints":{"allow":["GET"]}}],"collection":[{"href":"https:\/\/theroyalzino.net\/es\/wp-json\/wp\/v2\/pages"}],"about":[{"href":"https:\/\/theroyalzino.net\/es\/wp-json\/wp\/v2\/types\/page"}],"author":[{"embeddable":true,"href":"https:\/\/theroyalzino.net\/es\/wp-json\/wp\/v2\/users\/1"}],"replies":[{"embeddable":true,"href":"https:\/\/theroyalzino.net\/es\/wp-json\/wp\/v2\/comments?post=1487"}],"version-history":[{"count":3,"href":"https:\/\/theroyalzino.net\/es\/wp-json\/wp\/v2\/pages\/1487\/revisions"}],"predecessor-version":[{"id":2105,"href":"https:\/\/theroyalzino.net\/es\/wp-json\/wp\/v2\/pages\/1487\/revisions\/2105"}],"wp:attachment":[{"href":"https:\/\/theroyalzino.net\/es\/wp-json\/wp\/v2\/media?parent=1487"}],"curies":[{"name":"wp","href":"https:\/\/api.w.org\/{rel}","templated":true}]}}